{"id":2,"date":"2023-07-21T10:27:42","date_gmt":"2023-07-21T07:27:42","guid":{"rendered":"https:\/\/www.kmsvakfi.org\/?page_id=2"},"modified":"2023-07-24T14:06:10","modified_gmt":"2023-07-24T11:06:10","slug":"hakkimizda","status":"publish","type":"page","link":"https:\/\/www.kmsvakfi.org\/?page_id=2","title":{"rendered":"Vakf\u0131m\u0131z Hakk\u0131nda"},"content":{"rendered":"\n<p>K\u00dcLT\u00dcREL M\u0130RAS VE \u015eEH\u0130R HAFIZALARI ARA\u015eTIRMA VAKFI, \u0130stanbul 26. Asliye Hukuk Mahkemesinin 08.10.2020 tarihinde tavzih edilen 09.09.2020 tarihinde kesinle\u015fen 13.07.2020 tarihli ve E:2019\/860, K:2020\/205 say\u0131l\u0131 karar\u0131 ile kurulmu\u015ftur.<\/p>\n\n\n\n<p><strong>VAKFIN GAYES\u0130:<\/strong><\/p>\n\n\n\n<p>Anadolu\u2019da ya\u015fayan halklara mahsus tarihten gelen farkl\u0131 ve ortak haslet ve de\u011ferlerin,\u00a0\u00a0d\u00fc\u015f\u00fcnce ve sanatlar\u0131n,\u00a0k\u00fclt\u00fcr\u00fcn korunarak, gelecek ku\u015faklara aktar\u0131lmas\u0131n\u0131 sa\u011flamak ve Anadolu halklar\u0131na ait farkl\u0131 k\u00fclt\u00fcrlerin ve adetlerin gereklerini toplumun di\u011fer kesimlerine tan\u0131tmak ve bozulmadan devaml\u0131l\u0131\u011f\u0131n\u0131 sa\u011flamak amac\u0131yla uygulamal\u0131 ara\u015ft\u0131rmalar\u0131 te\u015fvik etmek, bu alanlarda toplant\u0131lar d\u00fczenlemek, tan\u0131t\u0131m faaliyetlerinde bulunmak, yay\u0131n faaliyetlerini ger\u00e7ekle\u015ftirmek,\u00a0sosyal ve k\u00fclt\u00fcrel yard\u0131mla\u015fma ve dayan\u0131\u015fmay\u0131 geli\u015ftirmek,\u00a0\u00a0bu ama\u00e7la m\u00fcze, konser salonu, k\u00fct\u00fcphane, yay\u0131nevi, a\u015fevi, huzurevleri, hizmet, e\u011fitim ve k\u00fclt\u00fcr tesisleri kurup i\u015flemektir.\u00a0<\/p>\n\n\n\n<p><strong>VAKFIN GAYES\u0130N\u0130 GER\u00c7EKLE\u015eT\u0130RMEK \u0130\u00c7\u0130N YAPAB\u0130LECE\u011e\u0130 FAAL\u0130YETLER:<\/strong><\/p>\n\n\n\n<ol class=\"wp-block-list\" type=\"1\">\n<li>VAKFIN gayesinde belirtilen konular \u00e7er\u00e7evesindeki mevcut eserleri terc\u00fcme ettirmek, bu konularda yeni eser telifini \u00f6zendirmek, desteklemek, bunlar\u0131 yay\u0131nlamak, k\u00fct\u00fcphane, m\u00fcze ve bilimsel ara\u015ft\u0131rma ve uygulama merkezleri a\u00e7mak, tarihi eserleri onartmak ve restore etmek, gazete, dergi, bro\u015f\u00fcr (vb.) \u00e7\u0131kartmak ve desteklemek,<\/li>\n\n\n\n<li>Her t\u00fcrl\u00fc yaz\u0131l\u0131, s\u00f6zl\u00fc, g\u00f6r\u00fcnt\u00fcl\u00fc, sesli yay\u0131n (Radyo \u2013TV hari\u00e7) faaliyetinde bulunmak, b\u00fclten, mecmua, gazete, dergi, kitap, bro\u015f\u00fcr, CD, VCD, DVD gibi mamuller \u00fcretmek, \u00fcretenleri desteklemek, bu mamullerin \u00fcretimi i\u00e7in gerekli tesisleri kurup i\u015fletmek,<\/li>\n\n\n\n<li>VAKIF ama\u00e7lar\u0131na uygun ulusal ve uluslararas\u0131 nitelikli bilimsel toplant\u0131lar d\u00fczenlemek veya onlara destek vermek,<\/li>\n\n\n\n<li>Her t\u00fcrl\u00fc k\u00fclt\u00fcrel, mesleki ve teknik e\u011fitim ve \u00f6\u011fretim kurslar\u0131n\u0131 d\u00fczenlemek, VAKIF amac\u0131na y\u00f6nelik olarak her t\u00fcrl\u00fc yar\u0131\u015fmalar\u0131 d\u00fczenlemek ve yar\u0131\u015fma sonunda derece alanlara gerekli m\u00fck\u00e2fatlar\u0131 vermek, gerekti\u011finde resmi kurulu\u015flarla i\u015f birli\u011fine giderek sertifika vermek,<\/li>\n\n\n\n<li>Anadolu k\u00fclt\u00fcr\u00fcne, insanl\u0131\u011f\u0131n sanat ve fikir hayat\u0131na hizmeti ge\u00e7mi\u015f ki\u015fileri anmak, hat\u0131ralar\u0131n\u0131 ya\u015fatmak maksad\u0131yla toplant\u0131lar, konferanslar, m\u00fck\u00e2fatl\u0131 yar\u0131\u015fmalar ve benzeri faaliyetler d\u00fczenlemek ve bu gayeye matuf organizasyon hizmetleri vermek,<\/li>\n\n\n\n<li>Yurt i\u00e7inde ve yurt d\u0131\u015f\u0131nda e\u011fitim ve \u00f6\u011fretimi geli\u015ftirici geziler ile seminer, panel, konferanslar ve benzeri faaliyetlerde bulunmak,<\/li>\n\n\n\n<li>VAKFA gelir temini i\u00e7in gezi, konferans, kongre, fuar d\u00fczenlemek, reklamc\u0131l\u0131k ve sigortac\u0131l\u0131k faaliyetleri ile sergi ve kermes ve benzeri her t\u00fcrl\u00fc organizasyon hizmetinde bulunmak,<\/li>\n\n\n\n<li>Her seviyedeki e\u011fitim ve \u00f6\u011fretim kurulu\u015fundaki \u00f6\u011frenci ve ara\u015ft\u0131rmac\u0131ya, yurt i\u00e7inde ve d\u0131\u015f\u0131nda e\u011fitim, \u00f6\u011fretim ve ara\u015ft\u0131rma bursu vermek,<\/li>\n\n\n\n<li>Gayesine uygun ara\u015ft\u0131rma ve geli\u015ftirme faaliyetlerini izlemek, destekleyici fonlar olu\u015fturmak ve \u00f6zel giri\u015fimin bu faaliyetlere etkin kat\u0131l\u0131m\u0131n\u0131 sa\u011flayarak bilimsel, teknik ve akademik ara\u015ft\u0131rmalara destek vermek, ulusal ve uluslararas\u0131 projelere kat\u0131lmak,<\/li>\n\n\n\n<li>Tek ba\u015f\u0131na veya di\u011fer vak\u0131flarla i\u015f birli\u011fi yaparak ilgili mevzuat \u00e7er\u00e7evesinde \u00f6zel \u00f6\u011fretim ve e\u011fitim kurumlar\u0131, enstit\u00fcler ve \u00fcniversiteler a\u00e7mak,<\/li>\n\n\n\n<li>Sanal \u00fcniversiteler kurmak ve internette amac\u0131na y\u00f6nelik e\u011fitimler yapmak,<\/li>\n\n\n\n<li>Toplumun farkl\u0131 kesimlerinden insanlar\u0131 bir araya getirmeye y\u00f6nelik organizasyonlar yapmak, faaliyetlerde bulunmak,<\/li>\n\n\n\n<li>Uyum engelli bireylerin topluma kazand\u0131r\u0131lmas\u0131 i\u00e7in me\u015fguliyet alanlar\u0131 ve e\u011fitim merkezleri olu\u015fturmak, gerekti\u011fine onlar i\u00e7in korumal\u0131 i\u015fyeri ve bar\u0131nak a\u00e7ma gezi, konferans ve seminerler d\u00fczenlemek,<\/li>\n\n\n\n<li>Yard\u0131ma muhta\u00e7 bireylerin e\u011fitim ve \u00f6\u011frenimlerine destek olmak, burs sa\u011flamak, bar\u0131nma, giyim-ku\u015fam, yemek gibi temel ihtiya\u00e7lar\u0131n\u0131n teminine yard\u0131mc\u0131 olmak, VAKIF\u2019ca kurulacak e\u011fitim tesislerinde yetenekli, ancak maddi imk\u00e2ndan yoksun \u00f6\u011frencilere burs vermek,<\/li>\n\n\n\n<li>Muhta\u00e7 olanlara, engellilere, ya\u015fl\u0131lara ve fel\u00e2ketzedelere yard\u0131mda bulunmak, bu ama\u00e7la yetkili makamlardan izin alarak huzurevi, yetimhane, a\u015fevi gibi tesisler a\u00e7mak, desteklemek,<\/li>\n\n\n\n<li>VAKFIN ama\u00e7lar\u0131n\u0131 ger\u00e7ekle\u015ftirmesi i\u00e7in her t\u00fcrl\u00fc giri\u015fimleri yapmak, VAKFA gelir sa\u011flayacak iktisadi i\u015fletmeler kurmak, kurulmu\u015f olan \u015firket ve i\u015fletmelere ortak olmak ve ortak giri\u015fimlerde bulunmak, bu gayeler \u00e7er\u00e7evesinde her t\u00fcrl\u00fc bilimsel, sosyal, teknik, ekonomik faaliyetlerde bulunmak,&nbsp;<\/li>\n\n\n\n<li>VAKIF \u00e7al\u0131\u015fmalar\u0131nda elde etti\u011fi sonu\u00e7lar\u0131 lisans s\u00f6zle\u015fmeleriyle ba\u015fkalar\u0131na \u00fccretli veya \u00fccretsiz devretmek,<\/li>\n\n\n\n<li>Ki\u015fi ve kurulu\u015flarca VAKFA yap\u0131lacak ba\u011f\u0131\u015flar\u0131 kabul etmek, yap\u0131lan ayn\u00ee ve \u015fartl\u0131\/\u015farts\u0131z ba\u011f\u0131\u015flar\u0131 amac\u0131na uygun olarak kullanmak,<\/li>\n\n\n\n<li>VAKIF amac\u0131n\u0131 ger\u00e7ekle\u015ftirmek i\u00e7in M\u00fctevelli Heyet taraf\u0131ndan tespit edilen di\u011fer faaliyetlerde bulunmak,<\/li>\n\n\n\n<li>Yukar\u0131da an\u0131lan gayeler do\u011frultusunda ulusal ve uluslararas\u0131 kurulu\u015flarla y\u00fcr\u00fcrl\u00fckteki mevzuat \u00e7er\u00e7evesinde i\u015f birli\u011fi yapmakt\u0131r.<\/li>\n<\/ol>\n\n\n\n<p><\/p>\n\n\n\n<p><\/p>\n","protected":false},"excerpt":{"rendered":"<p>K\u00dcLT\u00dcREL M\u0130RAS VE \u015eEH\u0130R HAFIZALARI ARA\u015eTIRMA VAKFI, \u0130stanbul 26. Asliye Hukuk Mahkemesinin 08.10.2020 tarihinde tavzih edilen 09.09.2020 tarihinde kesinle\u015fen 13.07.2020 tarihli ve E:2019\/860, K:2020\/205 say\u0131l\u0131 karar\u0131 ile kurulmu\u015ftur. VAKFIN GAYES\u0130: Anadolu\u2019da ya\u015fayan halklara mahsus tarihten gelen farkl\u0131 ve ortak haslet ve de\u011ferlerin,\u00a0\u00a0d\u00fc\u015f\u00fcnce ve sanatlar\u0131n,\u00a0k\u00fclt\u00fcr\u00fcn korunarak, gelecek ku\u015faklara aktar\u0131lmas\u0131n\u0131 sa\u011flamak ve &hellip;<\/p>\n","protected":false},"author":1,"featured_media":0,"parent":0,"menu_order":0,"comment_status":"closed","ping_status":"closed","template":"","meta":{"footnotes":""},"class_list":["post-2","page","type-page","status-publish","hentry"],"_links":{"self":[{"href":"https:\/\/www.kmsvakfi.org\/index.php?rest_route=\/wp\/v2\/pages\/2","targetHints":{"allow":["GET"]}}],"collection":[{"href":"https:\/\/www.kmsvakfi.org\/index.php?rest_route=\/wp\/v2\/pages"}],"about":[{"href":"https:\/\/www.kmsvakfi.org\/index.php?rest_route=\/wp\/v2\/types\/page"}],"author":[{"embeddable":true,"href":"https:\/\/www.kmsvakfi.org\/index.php?rest_route=\/wp\/v2\/users\/1"}],"replies":[{"embeddable":true,"href":"https:\/\/www.kmsvakfi.org\/index.php?rest_route=%2Fwp%2Fv2%2Fcomments&post=2"}],"version-history":[{"count":2,"href":"https:\/\/www.kmsvakfi.org\/index.php?rest_route=\/wp\/v2\/pages\/2\/revisions"}],"predecessor-version":[{"id":36,"href":"https:\/\/www.kmsvakfi.org\/index.php?rest_route=\/wp\/v2\/pages\/2\/revisions\/36"}],"wp:attachment":[{"href":"https:\/\/www.kmsvakfi.org\/index.php?rest_route=%2Fwp%2Fv2%2Fmedia&parent=2"}],"curies":[{"name":"wp","href":"https:\/\/api.w.org\/{rel}","templated":true}]}}